{"id":828,"date":"2025-09-16T10:59:38","date_gmt":"2025-09-16T09:59:38","guid":{"rendered":"https:\/\/wirobotics.eu\/homepage\/"},"modified":"2026-02-16T16:47:32","modified_gmt":"2026-02-16T15:47:32","slug":"homepage","status":"publish","type":"page","link":"https:\/\/wirobotics.eu\/de\/","title":{"rendered":"Homepage"},"content":{"rendered":"\n<div class=\"slider-wrapper relative\" id=\"slider-1692406857\" >\n    <div class=\"slider slider-nav-circle slider-nav-large slider-nav-light slider-style-normal\"\n        data-flickity-options='{\n            \"cellAlign\": \"center\",\n            \"imagesLoaded\": true,\n            \"lazyLoad\": 1,\n            \"freeScroll\": false,\n            \"wrapAround\": true,\n            \"autoPlay\": 6000,\n            \"pauseAutoPlayOnHover\" : true,\n            \"prevNextButtons\": true,\n            \"contain\" : true,\n            \"adaptiveHeight\" : true,\n            \"dragThreshold\" : 10,\n            \"percentPosition\": true,\n            \"pageDots\": true,\n            \"rightToLeft\": false,\n            \"draggable\": true,\n            \"selectedAttraction\": 0.1,\n            \"parallax\" : 0,\n            \"friction\": 0.6        }'\n        >\n        \n\n\n  <div class=\"banner has-hover has-video\" id=\"banner-2019912786\">\n          <div class=\"banner-inner fill\">\n        <div class=\"banner-bg fill\" >\n                        \t<div class=\"video-overlay no-click fill visible\"><\/div>\n\t<video class=\"video-bg fill visible\" preload playsinline autoplay muted loop>\n\t\t<source src=\"https:\/\/wirobotics.eu\/wp-content\/uploads\/2025\/07\/wirobotics-video-1.mp4\" type=\"video\/mp4\">\t<\/video>\n                        \n                    <\/div>\n\t\t\n        <div class=\"banner-layers container\">\n            <div class=\"fill banner-link\"><\/div>            \n\n   <div id=\"text-box-1373029016\" class=\"text-box banner-layer x5 md-x5 lg-x5 y15 md-y15 lg-y15 res-text\">\n                                <div class=\"text-box-content text dark\">\n              \n              <div class=\"text-inner text-center\">\n                  \n\n<h1>WIM<\/h1>\n<h2>Wir erneuern die Mobilit\u00e4t<\/h2>\n<p>Treten Sie ein in die Zukunft der Mobilit\u00e4t mit WIM, dem intelligenten, ultraleichten tragbaren Roboter, der Sie in Ihrer Bewegung unterst\u00fctzt, Ihre Kraft st\u00e4rkt und Sie selbstbewusst unabh\u00e4ngig h\u00e4lt.<\/p>\n<a href=\"https:\/\/wirobotics.eu\/de\/wim-de\/\" class=\"button white\"  style=\"border-radius:45px;\">\n\t\t<span>Jetzt erforschen!<\/span>\n\t<\/a>\n\n\n\n              <\/div>\n           <\/div>\n                            \n<style>\n#text-box-1373029016 {\n  width: 94%;\n}\n#text-box-1373029016 .text-box-content {\n  font-size: 111%;\n}\n@media (min-width:550px) {\n  #text-box-1373029016 {\n    width: 47%;\n  }\n}\n<\/style>\n    <\/div>\n \n\n        <\/div>\n      <\/div>\n\n            \n<style>\n#banner-2019912786 {\n  padding-top: 500px;\n}\n<\/style>\n  <\/div>\n\n\n\n     <\/div>\n\n     <div class=\"loading-spin dark large centered\"><\/div>\n\n\t<\/div>\n\n\n\n\t<section class=\"section\" id=\"section_859509647\">\n\t\t<div class=\"section-bg fill\" >\n\t\t\t\t\t\t\t\t\t\n\t\t\t\n\t<div class=\"is-border\"\n\t\tstyle=\"border-color:rgb(235, 235, 235);border-width:1px 0px 0px 0px;\">\n\t<\/div>\n\n\t\t<\/div>\n\n\t\t\n\n\t\t<div class=\"section-content relative\">\n\t\t\t\n\n<div class=\"row row-large align-middle align-center\"  id=\"row-1504062209\">\n\n\n\t<div id=\"col-1839971953\" class=\"col medium-8 small-12 large-8\"  >\n\t\t\t\t<div class=\"col-inner box-shadow-1 box-shadow-5-hover\" style=\"background-color:rgb(255, 255, 255);\" >\n\t\t\t\n\t\t\t\n\n<div class=\"video video-fit mb\" style=\"padding-top:56.25%;\"><iframe loading=\"lazy\" title=\"Het WIM Exoskelet van WiRobotics past zich aan jou aan \ud83d\udcaa\" width=\"563\" height=\"1000\" src=\"https:\/\/www.youtube.com\/embed\/03JaFwjLj2w?feature=oembed\" frameborder=\"0\" allow=\"accelerometer; autoplay; clipboard-write; encrypted-media; gyroscope; picture-in-picture; web-share\" referrerpolicy=\"strict-origin-when-cross-origin\" allowfullscreen><\/iframe><\/div>\n\n\n\t\t<\/div>\n\t\t\t\t\n<style>\n#col-1839971953 > .col-inner {\n  padding: 15px 0px 15px 0px;\n}\n<\/style>\n\t<\/div>\n\n\t\n\n\t<div id=\"col-1016864964\" class=\"col medium-4 small-12 large-4\"  >\n\t\t\t\t<div class=\"col-inner\"  >\n\t\t\t\n\t\t\t\n\n<h2><strong data-start=\"58\" data-end=\"88\">WIM&nbsp;<\/strong><\/h2>\n<p data-start=\"94\" data-end=\"140\"><strong data-start=\"104\" data-end=\"140\">Ultraleichter Gehhilfe-Roboter<\/strong><\/p>\n<p>Erleben Sie mehr Mobilit\u00e4t mit WIM, dem ultraleichten tragbaren Gehroboter. Er wurde entwickelt, um Ihre nat\u00fcrliche Bewegung zu unterst\u00fctzen, Ihre Kraft zu verbessern und Ihre Unabh\u00e4ngigkeit zu steigern, Schritt f\u00fcr Schritt. <\/p>\n\n\t\t<\/div>\n\t\t\t\t\t<\/div>\n\n\t\n\n\t<div id=\"col-1073987185\" class=\"col medium-6 small-12 large-6\"  >\n\t\t\t\t<div class=\"col-inner text-center\"  >\n\t\t\t\n\t\t\t\n\n<a href=\"https:\/\/wirobotics.eu\/de\/wim-de\/\" class=\"button primary\"  style=\"border-radius:99px;\">\n\t\t<span>Innovation erleben<\/span>\n\t<\/a>\n\n\n\n\t\t<\/div>\n\t\t\t\t\t<\/div>\n\n\t\n\n<\/div>\n\n\t\t<\/div>\n\n\t\t\n<style>\n#section_859509647 {\n  padding-top: 59px;\n  padding-bottom: 59px;\n  min-height: 300px;\n  background-color: rgb(255,255,255);\n}\n<\/style>\n\t<\/section>\n\t\n\n\t<section class=\"section\" id=\"section_536613937\">\n\t\t<div class=\"section-bg fill\" >\n\t\t\t\t\t\t\t\t\t\n\t\t\t\n\n\t\t<\/div>\n\n\t\t\n\t<div class=\"ux-shape-divider ux-shape-divider--bottom ux-shape-divider--style-arrow-2-invert\">\n\t\t<svg viewBox=\"0 0 1000 100\" xmlns=\"http:\/\/www.w3.org\/2000\/svg\" preserveAspectRatio=\"none\">\n\t<path class=\"ux-shape-fill\" d=\"M1000 100H0V80H479.686C481.808 80 483.843 80.8429 485.343 82.3432L497.879 94.8787C499.05 96.0503 500.95 96.0503 502.121 94.8787L514.657 82.3431C516.157 80.8428 518.192 80 520.314 80H1000V100Z\"\/>\n<\/svg>\n\t<\/div>\n\n\t\t<div class=\"section-content relative\">\n\t\t\t\n\n<div class=\"container section-title-container\" ><h3 class=\"section-title section-title-normal\"><b><\/b><span class=\"section-title-main\" style=\"color:rgb(255, 255, 255);\">Was unsere Kunden sagen<\/span><b><\/b><\/h3><\/div>\n\n<div class=\"row\"  id=\"row-637073211\">\n\n\n\t<div id=\"col-765588043\" class=\"col medium-4 small-12 large-4\"  >\n\t\t\t\t<div class=\"col-inner\"  >\n\t\t\t\n\t\t\t\n\n  <div class=\"icon-box testimonial-box icon-box-left text-left\">\n                <div class=\"icon-box-text p-last-0\">\n          <div class=\"star-rating\"><span style=\"width:100%\"><strong class=\"rating\"><\/strong><\/span><\/div>  \t\t\t\t<div class=\"testimonial-text line-height-small italic test_text first-reset last-reset is-italic\">\n            \n\n\t<div id=\"text-1072109231\" class=\"text\">\n\t\t\n\n<h3>Das WIM-Exoskelett hat meinen Tagesablauf v\u00f6llig ver\u00e4ndert.<\/h3>\n<p>Seit ich WIM benutze, kann ich l\u00e4ngere Strecken ohne Erm\u00fcdung gehen und f\u00fchle mich viel unabh\u00e4ngiger. Das Ger\u00e4t ist leicht, intuitiv und f\u00fcgt sich nahtlos in mein Rehabilitationsprogramm ein. <\/p>\n\t\t\n<style>\n#text-1072109231 {\n  color: rgb(255, 255, 255);\n}\n#text-1072109231 > * {\n  color: rgb(255, 255, 255);\n}\n<\/style>\n\t<\/div>\n\t\n\n          <\/div>\n          <div class=\"testimonial-meta pt-half\">\n             <strong class=\"testimonial-name test_name\">Martin K., Germany<\/strong>\n                          <span class=\"testimonial-company test_company\"><\/span>\n          <\/div>\n        <\/div>\n  <\/div>\n\n  \n\n\t\t<\/div>\n\t\t\t\t\t<\/div>\n\n\t\n\n\t<div id=\"col-1990372983\" class=\"col medium-4 small-12 large-4\"  >\n\t\t\t\t<div class=\"col-inner\"  >\n\t\t\t\n\t\t\t\n\n  <div class=\"icon-box testimonial-box icon-box-left text-left\">\n                <div class=\"icon-box-text p-last-0\">\n          <div class=\"star-rating\"><span style=\"width:100%\"><strong class=\"rating\"><\/strong><\/span><\/div>  \t\t\t\t<div class=\"testimonial-text line-height-small italic test_text first-reset last-reset is-italic\">\n            \n\n\t<div id=\"text-804805319\" class=\"text\">\n\t\t\n\n<h3>Eine wertvolle Erg\u00e4nzung f\u00fcr unsere Physiotherapieklinik.<\/h3>\n<p>Wir haben WIM in unsere Geh\u00fcbungen integriert und die Ergebnisse sind fantastisch. Die Patienten sind motivierter und zeigen schnellere Fortschritte. Es ist benutzerfreundlich und l\u00e4sst sich leicht an die verschiedenen Bed\u00fcrfnisse anpassen.  <\/p>\n\t\t\n<style>\n#text-804805319 {\n  color: rgb(255, 255, 255);\n}\n#text-804805319 > * {\n  color: rgb(255, 255, 255);\n}\n<\/style>\n\t<\/div>\n\t\n\n          <\/div>\n          <div class=\"testimonial-meta pt-half\">\n             <strong class=\"testimonial-name test_name\">Dr. Elise D., Physical Therapist, Belgium<\/strong>\n                          <span class=\"testimonial-company test_company\"><\/span>\n          <\/div>\n        <\/div>\n  <\/div>\n\n  \n\n\t\t<\/div>\n\t\t\t\t\t<\/div>\n\n\t\n\n\t<div id=\"col-468441655\" class=\"col medium-4 small-12 large-4\"  >\n\t\t\t\t<div class=\"col-inner\"  >\n\t\t\t\n\t\t\t\n\n  <div class=\"icon-box testimonial-box icon-box-left text-left\">\n                <div class=\"icon-box-text p-last-0\">\n          <div class=\"star-rating\"><span style=\"width:100%\"><strong class=\"rating\"><\/strong><\/span><\/div>  \t\t\t\t<div class=\"testimonial-text line-height-small italic test_text first-reset last-reset is-italic\">\n            \n\n\t<div id=\"text-1617177326\" class=\"text\">\n\t\t\n\n<h3>Technologie, die die Unabh\u00e4ngigkeit wirklich unterst\u00fctzt.<\/h3>\n<p>Nach meinem Schlaganfall war die Mobilit\u00e4t ein st\u00e4ndiger Kampf. Mit WIM habe ich nicht nur Kraft, sondern auch das Selbstvertrauen zur\u00fcckgewonnen, wieder zu gehen. Ich empfehle es jedem, der eine neurologische Reha macht.  <\/p>\n\t\t\n<style>\n#text-1617177326 {\n  color: rgb(255, 255, 255);\n}\n#text-1617177326 > * {\n  color: rgb(255, 255, 255);\n}\n<\/style>\n\t<\/div>\n\t\n\n          <\/div>\n          <div class=\"testimonial-meta pt-half\">\n             <strong class=\"testimonial-name test_name\">Laura S., United Kingdom<\/strong>\n                          <span class=\"testimonial-company test_company\"><\/span>\n          <\/div>\n        <\/div>\n  <\/div>\n\n  \n\n\t\t<\/div>\n\t\t\t\t\t<\/div>\n\n\t\n\n<\/div>\n\n\t\t<\/div>\n\n\t\t\n<style>\n#section_536613937 {\n  padding-top: 30px;\n  padding-bottom: 30px;\n  background-color: #020246;\n}\n#section_536613937 .ux-shape-divider--bottom svg {\n  height: 150px;\n  --divider-width: 100%;\n}\n<\/style>\n\t<\/section>\n\t\n<div class=\"container section-title-container\" ><h3 class=\"section-title section-title-normal\"><b><\/b><span class=\"section-title-main\" ><i class=\"icon-tiktok\" ><\/i>Unsere Kunden erleben den WIM<\/span><b><\/b><\/h3><\/div>\n\n<div class=\"row\"  id=\"row-856157447\">\n\n\n\t<div id=\"col-1751880409\" class=\"col medium-4 small-12 large-4\"  >\n\t\t\t\t<div class=\"col-inner\"  >\n\t\t\t\n\t\t\t\n\n<div class=\"video video-fit mb\" style=\"padding-top:56.25%;\"><p><div style=\"width: 640px;\" class=\"wp-video\"><video class=\"wp-video-shortcode\" id=\"video-828-1\" width=\"640\" height=\"360\" preload=\"metadata\" controls=\"controls\"><source type=\"video\/mp4\" src=\"https:\/\/wirobotics.eu\/wp-content\/uploads\/2025\/07\/1697d42d0907369ebe250daba9c2d164.mp4?_=1\" \/><a href=\"https:\/\/wirobotics.eu\/wp-content\/uploads\/2025\/07\/1697d42d0907369ebe250daba9c2d164.mp4\">https:\/\/wirobotics.eu\/wp-content\/uploads\/2025\/07\/1697d42d0907369ebe250daba9c2d164.mp4<\/a><\/video><\/div><\/p>\n<\/div>\n\n\n\t\t<\/div>\n\t\t\t\t\t<\/div>\n\n\t\n\n\t<div id=\"col-865841870\" class=\"col medium-4 small-12 large-4\"  >\n\t\t\t\t<div class=\"col-inner\"  >\n\t\t\t\n\t\t\t\n\n<div class=\"video video-fit mb\" style=\"padding-top:56.25%;\"><p><div style=\"width: 640px;\" class=\"wp-video\"><video class=\"wp-video-shortcode\" id=\"video-828-2\" width=\"640\" height=\"360\" preload=\"metadata\" controls=\"controls\"><source type=\"video\/mp4\" src=\"https:\/\/wirobotics.eu\/wp-content\/uploads\/2025\/07\/1ffb6d1c7bcb34f234f4b09c08cdd8bd.mp4?_=2\" \/><a href=\"https:\/\/wirobotics.eu\/wp-content\/uploads\/2025\/07\/1ffb6d1c7bcb34f234f4b09c08cdd8bd.mp4\">https:\/\/wirobotics.eu\/wp-content\/uploads\/2025\/07\/1ffb6d1c7bcb34f234f4b09c08cdd8bd.mp4<\/a><\/video><\/div><\/p>\n<\/div>\n\n\n\t\t<\/div>\n\t\t\t\t\t<\/div>\n\n\t\n\n\t<div id=\"col-396058637\" class=\"col medium-4 small-12 large-4\"  >\n\t\t\t\t<div class=\"col-inner\"  >\n\t\t\t\n\t\t\t\n\n<div class=\"video video-fit mb\" style=\"padding-top:56.25%;\"><p><div style=\"width: 640px;\" class=\"wp-video\"><video class=\"wp-video-shortcode\" id=\"video-828-3\" width=\"640\" height=\"360\" preload=\"metadata\" controls=\"controls\"><source type=\"video\/mp4\" src=\"https:\/\/wirobotics.eu\/wp-content\/uploads\/2025\/07\/369335db5f16c8d01d16655f9588e4f0.mp4?_=3\" \/><a href=\"https:\/\/wirobotics.eu\/wp-content\/uploads\/2025\/07\/369335db5f16c8d01d16655f9588e4f0.mp4\">https:\/\/wirobotics.eu\/wp-content\/uploads\/2025\/07\/369335db5f16c8d01d16655f9588e4f0.mp4<\/a><\/video><\/div><\/p>\n<\/div>\n\n\n\t\t<\/div>\n\t\t\t\t\t<\/div>\n\n\t\n\n<\/div>\n\n\t<section class=\"section\" id=\"section_471396049\">\n\t\t<div class=\"section-bg fill\" >\n\t\t\t<img loading=\"lazy\" decoding=\"async\" width=\"2560\" height=\"1706\" src=\"https:\/\/wirobotics.eu\/wp-content\/uploads\/2025\/07\/WR_231215_1274_E01.jpg\uc758-\uc0ac\ubcf8-scaled.jpg\" class=\"bg attachment- size-\" alt=\"\" \/>\t\t\t\t\t\t\n\t\t\t\n\n\t\t<\/div>\n\n\t\t\n\n\t\t<div class=\"section-content relative\">\n\t\t\t\n\n\t<div id=\"gap-1462372752\" class=\"gap-element clearfix\" style=\"display:block; height:auto;\">\n\t\t\n<style>\n#gap-1462372752 {\n  padding-top: 30px;\n}\n<\/style>\n\t<\/div>\n\t\n\n<div class=\"row\"  id=\"row-1008784407\">\n\n\n\t<div id=\"col-71784097\" class=\"col small-12 large-12\"  >\n\t\t\t\t<div class=\"col-inner\" style=\"background-color:rgba(255, 255, 255, 0.9);\" >\n\t\t\t\n\t\t\t\n\n<div class=\"row align-middle align-center\"  id=\"row-1943338096\">\n\n\n\t<div id=\"col-1973465968\" class=\"col medium-9 small-12 large-6\"  >\n\t\t\t\t<div class=\"col-inner text-center\"  >\n\t\t\t\n\t\t\t\n\n\t<div id=\"text-549954187\" class=\"text\">\n\t\t\n\n<h2>Request more information<\/h2>\n\t\t\n<style>\n#text-549954187 {\n  font-size: 1.5rem;\n}\n<\/style>\n\t<\/div>\n\t\n<p data-start=\"77\" data-end=\"384\">M\u00f6chten Sie mehr \u00fcber WIM erfahren und dar\u00fcber, wie es Mobilit\u00e4t, Rehabilitation oder t\u00e4gliche Bewegung unterst\u00fctzen kann? Hinterlassen Sie Ihre Kontaktdaten und unser Vertriebsteam wird sich mit Ihnen in Verbindung setzen, um Sie pers\u00f6nlich zu informieren, Ihre Fragen zu beantworten und die M\u00f6glichkeiten f\u00fcr Ihre Situation oder Ihr Unternehmen zu besprechen. <\/p>\n\n\t\t<\/div>\n\t\t\t\t\n<style>\n#col-1973465968 > .col-inner {\n  padding: 0px 0px 0px 0px;\n}\n@media (min-width:550px) {\n  #col-1973465968 > .col-inner {\n    padding: 40px 0px 0px 0px;\n  }\n}\n@media (min-width:850px) {\n  #col-1973465968 > .col-inner {\n    padding: 0px 10% 0px 5%;\n  }\n}\n<\/style>\n\t<\/div>\n\n\t\n\n\t<div id=\"col-1745810299\" class=\"col medium-12 small-12 large-6\"  >\n\t\t\t\t<div class=\"col-inner\"  >\n\t\t\t\n\t\t\t\n\n\n<div class=\"wpcf7 no-js\" id=\"wpcf7-f4-o1\" lang=\"en-US\" dir=\"ltr\" data-wpcf7-id=\"4\">\n<div class=\"screen-reader-response\"><p role=\"status\" aria-live=\"polite\" aria-atomic=\"true\"><\/p> <ul><\/ul><\/div>\n<form action=\"\/de\/wp-json\/wp\/v2\/pages\/828#wpcf7-f4-o1\" method=\"post\" class=\"wpcf7-form init\" aria-label=\"Contact form\" novalidate=\"novalidate\" data-status=\"init\">\n<fieldset class=\"hidden-fields-container\"><input type=\"hidden\" name=\"_wpcf7\" value=\"4\" \/><input type=\"hidden\" name=\"_wpcf7_version\" value=\"6.1.5\" \/><input type=\"hidden\" name=\"_wpcf7_locale\" value=\"en_US\" \/><input type=\"hidden\" name=\"_wpcf7_unit_tag\" value=\"wpcf7-f4-o1\" \/><input type=\"hidden\" name=\"_wpcf7_container_post\" value=\"0\" \/><input type=\"hidden\" name=\"_wpcf7_posted_data_hash\" value=\"\" \/>\n<\/fieldset>\n<p><label> Full name<br \/>\n<span class=\"wpcf7-form-control-wrap\" data-name=\"your-name\"><input size=\"40\" maxlength=\"400\" class=\"wpcf7-form-control wpcf7-text wpcf7-validates-as-required\" autocomplete=\"name\" aria-required=\"true\" aria-invalid=\"false\" value=\"\" type=\"text\" name=\"your-name\" \/><\/span><br \/>\n<\/label>\n<\/p>\n<p><label> Email address<br \/>\n<span class=\"wpcf7-form-control-wrap\" data-name=\"your-email\"><input size=\"40\" maxlength=\"400\" class=\"wpcf7-form-control wpcf7-email wpcf7-validates-as-required wpcf7-text wpcf7-validates-as-email\" autocomplete=\"email\" aria-required=\"true\" aria-invalid=\"false\" value=\"\" type=\"email\" name=\"your-email\" \/><\/span><br \/>\n<\/label>\n<\/p>\n<p><label> Phone number<br \/>\n<span class=\"wpcf7-form-control-wrap\" data-name=\"your-phone\"><input size=\"40\" maxlength=\"400\" class=\"wpcf7-form-control wpcf7-tel wpcf7-validates-as-required wpcf7-text wpcf7-validates-as-tel\" autocomplete=\"tel\" aria-required=\"true\" aria-invalid=\"false\" value=\"\" type=\"tel\" name=\"your-phone\" \/><\/span><br \/>\n<\/label>\n<\/p>\n<p><input class=\"wpcf7-form-control wpcf7-submit has-spinner\" type=\"submit\" value=\"Request more information\" \/>\n<\/p><div class=\"wpcf7-response-output\" aria-hidden=\"true\"><\/div>\n<\/form>\n<\/div>\n\n\n\n\t\t<\/div>\n\t\t\t\t\n<style>\n#col-1745810299 > .col-inner {\n  margin: 20px 0px 0px 0px;\n}\n<\/style>\n\t<\/div>\n\n\t\n\n<\/div>\n\n\t\t<\/div>\n\t\t\t\t\n<style>\n#col-71784097 > .col-inner {\n  padding: 50px 30px 0px 30px;\n  border-radius: 10px;\n}\n@media (min-width:550px) {\n  #col-71784097 > .col-inner {\n    padding: 30px 30px 0px 30px;\n  }\n}\n@media (min-width:850px) {\n  #col-71784097 > .col-inner {\n    padding: 60px 60px 20px 60px;\n  }\n}\n<\/style>\n\t<\/div>\n\n\t\n\n<\/div>\n\n\t\t<\/div>\n\n\t\t\n<style>\n#section_471396049 {\n  padding-top: 50px;\n  padding-bottom: 50px;\n  min-height: 450px;\n}\n<\/style>\n\t<\/section>\n\t\n<div class=\"row\"  id=\"row-1577540213\">\n\n\n\t<div id=\"col-1724067963\" class=\"col medium-8 small-12 large-8\"  >\n\t\t\t\t<div class=\"col-inner\"  >\n\t\t\t\n\t\t\t\n\n<div class=\"video video-fit mb hide-for-small\" style=\"padding-top:56.25%;\"><p><iframe loading=\"lazy\" title=\"WIM Exoskelet: How to use it (English)\" width=\"1020\" height=\"574\" src=\"https:\/\/www.youtube.com\/embed\/utXrjPFFhK0?feature=oembed\" frameborder=\"0\" allow=\"accelerometer; autoplay; clipboard-write; encrypted-media; gyroscope; picture-in-picture; web-share\" referrerpolicy=\"strict-origin-when-cross-origin\" allowfullscreen><\/iframe><\/p>\n<\/div>\n\n\n\t\t<\/div>\n\t\t\t\t\t<\/div>\n\n\t\n\n\t<div id=\"col-1933066805\" class=\"col medium-4 small-12 large-4\"  >\n\t\t\t\t<div class=\"col-inner\"  >\n\t\t\t\n\t\t\t\n\n<div class=\"container section-title-container\" ><h3 class=\"section-title section-title-normal\"><b><\/b><span class=\"section-title-main\" >How to use the WIM exoskeleton<\/span><b><\/b><\/h3><\/div>\n\n<p>Learn to use the WIM safely step by step with our unboxing video, where we show you how to put on the WIM exoskeleton and operate it manually, without the use of a smartphone (not mandatory).<\/p>\n<p> <\/p>\n\t<div class=\"img has-hover x md-x lg-x y md-y lg-y\" id=\"image_1014116134\">\n\t\t\t\t\t\t\t\t<div class=\"img-inner dark\" >\n\t\t\t<img loading=\"lazy\" decoding=\"async\" width=\"1020\" height=\"481\" src=\"https:\/\/wirobotics.eu\/wp-content\/uploads\/2025\/09\/WIM-app-1024x483.png\" class=\"attachment-large size-large\" alt=\"\" srcset=\"https:\/\/wirobotics.eu\/wp-content\/uploads\/2025\/09\/WIM-app-1024x483.png 1024w, https:\/\/wirobotics.eu\/wp-content\/uploads\/2025\/09\/WIM-app-300x142.png 300w, https:\/\/wirobotics.eu\/wp-content\/uploads\/2025\/09\/WIM-app-768x362.png 768w, https:\/\/wirobotics.eu\/wp-content\/uploads\/2025\/09\/WIM-app-1536x725.png 1536w, https:\/\/wirobotics.eu\/wp-content\/uploads\/2025\/09\/WIM-app-2048x966.png 2048w\" sizes=\"auto, (max-width: 1020px) 100vw, 1020px\" \/>\t\t\t\t\t\t\n\t\t\t\t\t<\/div>\n\t\t\t\t\t\t\t\t\n<style>\n#image_1014116134 {\n  width: 100%;\n}\n<\/style>\n\t<\/div>\n\t\n\n\n\t\t<\/div>\n\t\t\t\t\t<\/div>\n\n\t\n\n<\/div>\n\n","protected":false},"excerpt":{"rendered":"","protected":false},"author":1,"featured_media":0,"parent":0,"menu_order":0,"comment_status":"closed","ping_status":"closed","template":"page-blank.php","meta":{"footnotes":""},"class_list":["post-828","page","type-page","status-publish","hentry"],"_links":{"self":[{"href":"https:\/\/wirobotics.eu\/de\/wp-json\/wp\/v2\/pages\/828","targetHints":{"allow":["GET"]}}],"collection":[{"href":"https:\/\/wirobotics.eu\/de\/wp-json\/wp\/v2\/pages"}],"about":[{"href":"https:\/\/wirobotics.eu\/de\/wp-json\/wp\/v2\/types\/page"}],"author":[{"embeddable":true,"href":"https:\/\/wirobotics.eu\/de\/wp-json\/wp\/v2\/users\/1"}],"replies":[{"embeddable":true,"href":"https:\/\/wirobotics.eu\/de\/wp-json\/wp\/v2\/comments?post=828"}],"version-history":[{"count":10,"href":"https:\/\/wirobotics.eu\/de\/wp-json\/wp\/v2\/pages\/828\/revisions"}],"predecessor-version":[{"id":1000,"href":"https:\/\/wirobotics.eu\/de\/wp-json\/wp\/v2\/pages\/828\/revisions\/1000"}],"wp:attachment":[{"href":"https:\/\/wirobotics.eu\/de\/wp-json\/wp\/v2\/media?parent=828"}],"curies":[{"name":"wp","href":"https:\/\/api.w.org\/{rel}","templated":true}]}}