{"id":749,"date":"2025-07-18T07:06:43","date_gmt":"2025-07-18T06:06:43","guid":{"rendered":"https:\/\/wirobotics.eu\/wim-de\/"},"modified":"2025-09-15T16:24:44","modified_gmt":"2025-09-15T15:24:44","slug":"wim-de","status":"publish","type":"page","link":"https:\/\/wirobotics.eu\/de\/wim-de\/","title":{"rendered":"WIM DE"},"content":{"rendered":"\n\n  <div class=\"banner has-hover\" id=\"banner-1587166724\">\n          <div class=\"banner-inner fill\">\n        <div class=\"banner-bg fill\" >\n            <img loading=\"lazy\" decoding=\"async\" width=\"2560\" height=\"849\" src=\"https:\/\/wirobotics.eu\/wp-content\/uploads\/2025\/09\/WIM-WIRobotics-header-banner-scaled.jpg\" class=\"bg attachment-original size-original\" alt=\"\" \/>                                    \n                    <\/div>\n\t\t\n\t<div class=\"ux-shape-divider ux-shape-divider--bottom ux-shape-divider--style-arrow-invert\">\n\t\t<svg viewBox=\"0 0 1000 100\" xmlns=\"http:\/\/www.w3.org\/2000\/svg\" preserveAspectRatio=\"none\">\n\t<path class=\"ux-shape-fill\" d=\"M1000 100H0V80H483L500 97L517 80H1000V100Z\"\/>\n<\/svg>\n\t<\/div>\n        <div class=\"banner-layers container\">\n            <div class=\"fill banner-link\"><\/div>            \n\n   <div id=\"text-box-1265392015\" class=\"text-box banner-layer x0 md-x0 lg-x0 y90 md-y90 lg-y90 res-text\">\n                                <div class=\"text-box-content text dark\">\n              \n              <div class=\"text-inner text-center\">\n                  \n\n\n              <\/div>\n           <\/div>\n                            \n<style>\n#text-box-1265392015 {\n  width: 60%;\n}\n#text-box-1265392015 .text-box-content {\n  font-size: 100%;\n}\n@media (min-width:550px) {\n  #text-box-1265392015 {\n    width: 60%;\n  }\n}\n<\/style>\n    <\/div>\n \n\n        <\/div>\n      <\/div>\n\n              <div class=\"height-fix is-invisible\"><img loading=\"lazy\" decoding=\"async\" width=\"2560\" height=\"849\" src=\"https:\/\/wirobotics.eu\/wp-content\/uploads\/2025\/09\/WIM-WIRobotics-header-banner-scaled.jpg\" class=\"attachment-original size-original\" alt=\"\" srcset=\"https:\/\/wirobotics.eu\/wp-content\/uploads\/2025\/09\/WIM-WIRobotics-header-banner-scaled.jpg 2560w, https:\/\/wirobotics.eu\/wp-content\/uploads\/2025\/09\/WIM-WIRobotics-header-banner-300x100.jpg 300w, https:\/\/wirobotics.eu\/wp-content\/uploads\/2025\/09\/WIM-WIRobotics-header-banner-1024x340.jpg 1024w, https:\/\/wirobotics.eu\/wp-content\/uploads\/2025\/09\/WIM-WIRobotics-header-banner-768x255.jpg 768w, https:\/\/wirobotics.eu\/wp-content\/uploads\/2025\/09\/WIM-WIRobotics-header-banner-1536x510.jpg 1536w, https:\/\/wirobotics.eu\/wp-content\/uploads\/2025\/09\/WIM-WIRobotics-header-banner-2048x679.jpg 2048w\" sizes=\"auto, (max-width: 2560px) 100vw, 2560px\" \/><\/div>\n            \n<style>\n#banner-1587166724 .banner-bg img {\n  object-position: 9% 44%;\n}\n#banner-1587166724 .ux-shape-divider--bottom svg {\n  height: 150px;\n  --divider-width: 100%;\n}\n<\/style>\n  <\/div>\n\n\n\n\t<section class=\"section\" id=\"section_487830874\">\n\t\t<div class=\"section-bg fill\" >\n\t\t\t\t\t\t\t\t\t\n\t\t\t\n\t<div class=\"is-border\"\n\t\tstyle=\"border-color:rgb(235, 235, 235);border-width:1px 0px 0px 0px;\">\n\t<\/div>\n\n\t\t<\/div>\n\n\t\t\n\n\t\t<div class=\"section-content relative\">\n\t\t\t\n\n<div class=\"row row-large align-middle align-center\"  id=\"row-1143748091\">\n\n\n\t<div id=\"col-1916840440\" class=\"col medium-7 small-12 large-7\"  >\n\t\t\t\t<div class=\"col-inner text-center\"  >\n\t\t\t\n\t\t\t\n\n\t<div id=\"text-1929855484\" class=\"text\">\n\t\t\n\n<h2>Nur 1,6 kg &#8211; Innovation pur<\/h2>\n<p>Die technischen Vorteile von WIM:<\/p>\n<ul>\n<li><strong>Ultraleichtes Design:<\/strong> Wiegt nur 1,6 kg, einschlie\u00dflich Batterie<\/li>\n<li><strong>V\u00f6llig autonom:<\/strong> Keine externen Sensoren oder Bildschirme erforderlich<\/li>\n<li><strong>Wasserfest zertifiziert:<\/strong> Entspricht den Normen IP54 und CE\/KC<\/li>\n<li><strong>Akkulaufzeit:<\/strong> Bis zu 4 Stunden Unterst\u00fctzung beim Gehen<\/li>\n<li><strong>Trainingsdauer:<\/strong> Unbegrenzt dank des minimalen Energieverbrauchs<\/li>\n<\/ul>\n\t\t\n<style>\n#text-1929855484 {\n  text-align: left;\n}\n<\/style>\n\t<\/div>\n\t\n\n\t\t<\/div>\n\t\t\t\t\t<\/div>\n\n\t\n\n\t<div id=\"col-2110192227\" class=\"col medium-5 small-12 large-5\"  >\n\t\t\t\t<div class=\"col-inner box-shadow-1 box-shadow-5-hover\"  >\n\t\t\t\n\t\t\t\n\n\t<div class=\"img has-hover x md-x lg-x y md-y lg-y\" id=\"image_410921722\">\n\t\t\t\t\t\t\t\t<div class=\"img-inner dark\" >\n\t\t\t<img loading=\"lazy\" decoding=\"async\" width=\"1020\" height=\"680\" src=\"https:\/\/wirobotics.eu\/wp-content\/uploads\/2025\/07\/WR_231216_0518_E01.jpg\uc758-\uc0ac\ubcf8-1024x683.jpg\" class=\"attachment-large size-large\" alt=\"\" srcset=\"https:\/\/wirobotics.eu\/wp-content\/uploads\/2025\/07\/WR_231216_0518_E01.jpg\uc758-\uc0ac\ubcf8-1024x683.jpg 1024w, https:\/\/wirobotics.eu\/wp-content\/uploads\/2025\/07\/WR_231216_0518_E01.jpg\uc758-\uc0ac\ubcf8-300x200.jpg 300w, https:\/\/wirobotics.eu\/wp-content\/uploads\/2025\/07\/WR_231216_0518_E01.jpg\uc758-\uc0ac\ubcf8-768x512.jpg 768w, https:\/\/wirobotics.eu\/wp-content\/uploads\/2025\/07\/WR_231216_0518_E01.jpg\uc758-\uc0ac\ubcf8-1536x1024.jpg 1536w, https:\/\/wirobotics.eu\/wp-content\/uploads\/2025\/07\/WR_231216_0518_E01.jpg\uc758-\uc0ac\ubcf8-2048x1365.jpg 2048w\" sizes=\"auto, (max-width: 1020px) 100vw, 1020px\" \/>\t\t\t\t\t\t\n\t\t\t\t\t<\/div>\n\t\t\t\t\t\t\t\t\n<style>\n#image_410921722 {\n  width: 100%;\n}\n<\/style>\n\t<\/div>\n\t\n\n\n\t\t<\/div>\n\t\t\t\t\n<style>\n#col-2110192227 > .col-inner {\n  padding: 15px 15px 15px 15px;\n}\n<\/style>\n\t<\/div>\n\n\t\n\n<\/div>\n\n\t\t<\/div>\n\n\t\t\n<style>\n#section_487830874 {\n  padding-top: 59px;\n  padding-bottom: 59px;\n  min-height: 300px;\n}\n<\/style>\n\t<\/section>\n\t\n\n  <div class=\"banner has-hover\" id=\"banner-877116957\">\n          <div class=\"banner-inner fill\">\n        <div class=\"banner-bg fill\" >\n            <img loading=\"lazy\" decoding=\"async\" width=\"1020\" height=\"619\" src=\"https:\/\/wirobotics.eu\/wp-content\/uploads\/2025\/07\/25cd55de-53fd-408b-8103-11674def84df20240409-1024x621.jpg\" class=\"bg attachment-large size-large\" alt=\"\" \/>            \t<div class=\"video-overlay no-click fill\"><\/div>\n\t<div id=\"ytplayer-80\" class=\"ux-youtube fill object-fit hide-for-medium\" data-videoid=\"https:\/\/wirobotics.eu\/wp-content\/uploads\/2025\/07\/wirobotics-video-1.mp4\" data-loop=\"1\" data-audio=\"0\"><\/div>\n                        \n                    <\/div>\n\t\t\n        <div class=\"banner-layers container\">\n            <div class=\"fill banner-link\"><\/div>            \n\n   <div id=\"text-box-102886596\" class=\"text-box banner-layer x50 md-x50 lg-x50 y50 md-y50 lg-y50 res-text\">\n                                <div class=\"text-box-content text dark\">\n              \n              <div class=\"text-inner text-center\">\n                  \n\n<h2 data-start=\"134\" data-end=\"371\">Besser bewegen, st\u00e4rker leben mit WIM<\/h2>\n<p data-start=\"134\" data-end=\"371\"><strong data-start=\"134\" data-end=\"228\">WIM bietet drei intelligente Modi: Gehen, Treppenhilfe und Krafttraining f\u00fcr den Unterk\u00f6rper.<\/strong><\/p>\n<p data-start=\"134\" data-end=\"371\">Egal, ob Sie durch Ihren Alltag schlendern oder im Freien wandern,<br data-start=\"302\" data-end=\"305\">entdecken Sie das WIM Exoskelett f\u00fcr ein aktiveres, ges\u00fcnderes Leben.<\/p>\n<div class=\"video-button-wrapper\" ><a href=\"https:\/\/www.youtube.com\/watch?v=-e-AoaSCDYE\" class=\"button open-video icon circle is-outline is-xlarge\"><i class=\"icon-play\" style=\"font-size:1.5em;\" ><\/i><\/a><\/div>\n\n\n              <\/div>\n           <\/div>\n                            \n<style>\n#text-box-102886596 {\n  width: 60%;\n}\n#text-box-102886596 .text-box-content {\n  font-size: 100%;\n}\n<\/style>\n    <\/div>\n \n\n        <\/div>\n      <\/div>\n\n            \n<style>\n#banner-877116957 {\n  padding-top: 500px;\n}\n<\/style>\n  <\/div>\n\n\n<div class=\"container section-title-container\" ><h1 class=\"section-title section-title-center\"><b><\/b><span class=\"section-title-main\" >WIM<\/span><b><\/b><\/h1><\/div>\n\n\n  \n    <div class=\"row large-columns-3 medium-columns- small-columns-2\" >\n  <div class=\"gallery-col col\" >\n          <div class=\"col-inner\">\n            <a class=\"image-lightbox lightbox-gallery\" href=\"https:\/\/wirobotics.eu\/wp-content\/uploads\/2025\/07\/81c0cc40-f274-4d7c-943e-dd0aebf0f8d720240409-1-1024x618.jpg\" title=\"\">            <div class=\"box has-hover gallery-box box-overlay dark\">\n              <div class=\"box-image\" >\n                <img loading=\"lazy\" decoding=\"async\" width=\"300\" height=\"181\" src=\"https:\/\/wirobotics.eu\/wp-content\/uploads\/2025\/07\/81c0cc40-f274-4d7c-943e-dd0aebf0f8d720240409-1-300x181.jpg\" class=\"attachment-medium size-medium\" alt=\"\" ids=\"210,199,198,211,212,213\" columns=\"3\" srcset=\"https:\/\/wirobotics.eu\/wp-content\/uploads\/2025\/07\/81c0cc40-f274-4d7c-943e-dd0aebf0f8d720240409-1-300x181.jpg 300w, https:\/\/wirobotics.eu\/wp-content\/uploads\/2025\/07\/81c0cc40-f274-4d7c-943e-dd0aebf0f8d720240409-1-1024x618.jpg 1024w, https:\/\/wirobotics.eu\/wp-content\/uploads\/2025\/07\/81c0cc40-f274-4d7c-943e-dd0aebf0f8d720240409-1-768x463.jpg 768w, https:\/\/wirobotics.eu\/wp-content\/uploads\/2025\/07\/81c0cc40-f274-4d7c-943e-dd0aebf0f8d720240409-1.jpg 1260w\" sizes=\"auto, (max-width: 300px) 100vw, 300px\" \/>                                  <div class=\"overlay fill\"\n                      style=\"background-color: rgba(0,0,0,.15)\">\n                  <\/div>\n                                                              <\/div>\n              <div class=\"box-text text-left\" >\n                 <p><\/p>\n              <\/div>\n            <\/div>\n            <\/a>          <\/div>\n         <\/div><div class=\"gallery-col col\" >\n          <div class=\"col-inner\">\n            <a class=\"image-lightbox lightbox-gallery\" href=\"https:\/\/wirobotics.eu\/wp-content\/uploads\/2025\/07\/96a5c73d-9f0a-4b61-bcd2-fc176a789cfe20240312-1-1024x621.png\" title=\"\">            <div class=\"box has-hover gallery-box box-overlay dark\">\n              <div class=\"box-image\" >\n                <img loading=\"lazy\" decoding=\"async\" width=\"300\" height=\"182\" src=\"https:\/\/wirobotics.eu\/wp-content\/uploads\/2025\/07\/96a5c73d-9f0a-4b61-bcd2-fc176a789cfe20240312-1-300x182.png\" class=\"attachment-medium size-medium\" alt=\"\" ids=\"210,199,198,211,212,213\" columns=\"3\" srcset=\"https:\/\/wirobotics.eu\/wp-content\/uploads\/2025\/07\/96a5c73d-9f0a-4b61-bcd2-fc176a789cfe20240312-1-300x182.png 300w, https:\/\/wirobotics.eu\/wp-content\/uploads\/2025\/07\/96a5c73d-9f0a-4b61-bcd2-fc176a789cfe20240312-1-1024x621.png 1024w, https:\/\/wirobotics.eu\/wp-content\/uploads\/2025\/07\/96a5c73d-9f0a-4b61-bcd2-fc176a789cfe20240312-1-768x466.png 768w, https:\/\/wirobotics.eu\/wp-content\/uploads\/2025\/07\/96a5c73d-9f0a-4b61-bcd2-fc176a789cfe20240312-1-1536x932.png 1536w, https:\/\/wirobotics.eu\/wp-content\/uploads\/2025\/07\/96a5c73d-9f0a-4b61-bcd2-fc176a789cfe20240312-1-2048x1242.png 2048w\" sizes=\"auto, (max-width: 300px) 100vw, 300px\" \/>                                  <div class=\"overlay fill\"\n                      style=\"background-color: rgba(0,0,0,.15)\">\n                  <\/div>\n                                                              <\/div>\n              <div class=\"box-text text-left\" >\n                 <p><\/p>\n              <\/div>\n            <\/div>\n            <\/a>          <\/div>\n         <\/div><div class=\"gallery-col col\" >\n          <div class=\"col-inner\">\n            <a class=\"image-lightbox lightbox-gallery\" href=\"https:\/\/wirobotics.eu\/wp-content\/uploads\/2025\/07\/415801c9-edc2-44bb-9d6e-b42343d6944720240409-1024x618.jpg\" title=\"\">            <div class=\"box has-hover gallery-box box-overlay dark\">\n              <div class=\"box-image\" >\n                <img loading=\"lazy\" decoding=\"async\" width=\"300\" height=\"181\" src=\"https:\/\/wirobotics.eu\/wp-content\/uploads\/2025\/07\/415801c9-edc2-44bb-9d6e-b42343d6944720240409-300x181.jpg\" class=\"attachment-medium size-medium\" alt=\"\" ids=\"210,199,198,211,212,213\" columns=\"3\" srcset=\"https:\/\/wirobotics.eu\/wp-content\/uploads\/2025\/07\/415801c9-edc2-44bb-9d6e-b42343d6944720240409-300x181.jpg 300w, https:\/\/wirobotics.eu\/wp-content\/uploads\/2025\/07\/415801c9-edc2-44bb-9d6e-b42343d6944720240409-1024x618.jpg 1024w, https:\/\/wirobotics.eu\/wp-content\/uploads\/2025\/07\/415801c9-edc2-44bb-9d6e-b42343d6944720240409-768x463.jpg 768w, https:\/\/wirobotics.eu\/wp-content\/uploads\/2025\/07\/415801c9-edc2-44bb-9d6e-b42343d6944720240409.jpg 1260w\" sizes=\"auto, (max-width: 300px) 100vw, 300px\" \/>                                  <div class=\"overlay fill\"\n                      style=\"background-color: rgba(0,0,0,.15)\">\n                  <\/div>\n                                                              <\/div>\n              <div class=\"box-text text-left\" >\n                 <p><\/p>\n              <\/div>\n            <\/div>\n            <\/a>          <\/div>\n         <\/div><div class=\"gallery-col col\" >\n          <div class=\"col-inner\">\n            <a class=\"image-lightbox lightbox-gallery\" href=\"https:\/\/wirobotics.eu\/wp-content\/uploads\/2025\/07\/FS24262_9-683x1024.jpg\" title=\"\">            <div class=\"box has-hover gallery-box box-overlay dark\">\n              <div class=\"box-image\" >\n                <img loading=\"lazy\" decoding=\"async\" width=\"200\" height=\"300\" src=\"https:\/\/wirobotics.eu\/wp-content\/uploads\/2025\/07\/FS24262_9-200x300.jpg\" class=\"attachment-medium size-medium\" alt=\"\" ids=\"210,199,198,211,212,213\" columns=\"3\" srcset=\"https:\/\/wirobotics.eu\/wp-content\/uploads\/2025\/07\/FS24262_9-200x300.jpg 200w, https:\/\/wirobotics.eu\/wp-content\/uploads\/2025\/07\/FS24262_9-683x1024.jpg 683w, https:\/\/wirobotics.eu\/wp-content\/uploads\/2025\/07\/FS24262_9-768x1152.jpg 768w, https:\/\/wirobotics.eu\/wp-content\/uploads\/2025\/07\/FS24262_9-1024x1536.jpg 1024w, https:\/\/wirobotics.eu\/wp-content\/uploads\/2025\/07\/FS24262_9-1366x2048.jpg 1366w, https:\/\/wirobotics.eu\/wp-content\/uploads\/2025\/07\/FS24262_9-scaled.jpg 1707w\" sizes=\"auto, (max-width: 200px) 100vw, 200px\" \/>                                  <div class=\"overlay fill\"\n                      style=\"background-color: rgba(0,0,0,.15)\">\n                  <\/div>\n                                                              <\/div>\n              <div class=\"box-text text-left\" >\n                 <p><\/p>\n              <\/div>\n            <\/div>\n            <\/a>          <\/div>\n         <\/div><div class=\"gallery-col col\" >\n          <div class=\"col-inner\">\n            <a class=\"image-lightbox lightbox-gallery\" href=\"https:\/\/wirobotics.eu\/wp-content\/uploads\/2025\/07\/FS24262_4-1024x1024.jpg\" title=\"\">            <div class=\"box has-hover gallery-box box-overlay dark\">\n              <div class=\"box-image\" >\n                <img loading=\"lazy\" decoding=\"async\" width=\"300\" height=\"300\" src=\"https:\/\/wirobotics.eu\/wp-content\/uploads\/2025\/07\/FS24262_4-300x300.jpg\" class=\"attachment-medium size-medium\" alt=\"\" ids=\"210,199,198,211,212,213\" columns=\"3\" srcset=\"https:\/\/wirobotics.eu\/wp-content\/uploads\/2025\/07\/FS24262_4-300x300.jpg 300w, https:\/\/wirobotics.eu\/wp-content\/uploads\/2025\/07\/FS24262_4-1024x1024.jpg 1024w, https:\/\/wirobotics.eu\/wp-content\/uploads\/2025\/07\/FS24262_4-150x150.jpg 150w, https:\/\/wirobotics.eu\/wp-content\/uploads\/2025\/07\/FS24262_4-768x768.jpg 768w, https:\/\/wirobotics.eu\/wp-content\/uploads\/2025\/07\/FS24262_4-1536x1536.jpg 1536w, https:\/\/wirobotics.eu\/wp-content\/uploads\/2025\/07\/FS24262_4-2048x2048.jpg 2048w\" sizes=\"auto, (max-width: 300px) 100vw, 300px\" \/>                                  <div class=\"overlay fill\"\n                      style=\"background-color: rgba(0,0,0,.15)\">\n                  <\/div>\n                                                              <\/div>\n              <div class=\"box-text text-left\" >\n                 <p><\/p>\n              <\/div>\n            <\/div>\n            <\/a>          <\/div>\n         <\/div><div class=\"gallery-col col\" >\n          <div class=\"col-inner\">\n            <a class=\"image-lightbox lightbox-gallery\" href=\"https:\/\/wirobotics.eu\/wp-content\/uploads\/2025\/07\/FS24262_2-1-876x1024.jpg\" title=\"\">            <div class=\"box has-hover gallery-box box-overlay dark\">\n              <div class=\"box-image\" >\n                <img loading=\"lazy\" decoding=\"async\" width=\"257\" height=\"300\" src=\"https:\/\/wirobotics.eu\/wp-content\/uploads\/2025\/07\/FS24262_2-1-257x300.jpg\" class=\"attachment-medium size-medium\" alt=\"\" ids=\"210,199,198,211,212,213\" columns=\"3\" srcset=\"https:\/\/wirobotics.eu\/wp-content\/uploads\/2025\/07\/FS24262_2-1-257x300.jpg 257w, https:\/\/wirobotics.eu\/wp-content\/uploads\/2025\/07\/FS24262_2-1-876x1024.jpg 876w, https:\/\/wirobotics.eu\/wp-content\/uploads\/2025\/07\/FS24262_2-1-768x898.jpg 768w, https:\/\/wirobotics.eu\/wp-content\/uploads\/2025\/07\/FS24262_2-1-1314x1536.jpg 1314w, https:\/\/wirobotics.eu\/wp-content\/uploads\/2025\/07\/FS24262_2-1-1752x2048.jpg 1752w\" sizes=\"auto, (max-width: 257px) 100vw, 257px\" \/>                                  <div class=\"overlay fill\"\n                      style=\"background-color: rgba(0,0,0,.15)\">\n                  <\/div>\n                                                              <\/div>\n              <div class=\"box-text text-left\" >\n                 <p><\/p>\n              <\/div>\n            <\/div>\n            <\/a>          <\/div>\n         <\/div><\/div>\n\n<div class=\"is-divider divider clearfix\" style=\"max-width:100%;height:5px;background-color:rgb(8, 4, 80);\"><\/div>\n\n\n\t<section class=\"section\" id=\"section_1095806289\">\n\t\t<div class=\"section-bg fill\" >\n\t\t\t\t\t\t\t\t\t\n\t\t\t\n\n\t\t<\/div>\n\n\t\t\t<div class=\"ux-shape-divider ux-shape-divider--top ux-shape-divider--style-arrow\">\n\t\t<svg viewBox=\"0 0 1000 100\" xmlns=\"http:\/\/www.w3.org\/2000\/svg\" preserveAspectRatio=\"none\">\n\t<path class=\"ux-shape-fill\" d=\"M1000 100H0L0 96H483L500 79L517 96H1000V100Z\"\/>\n<\/svg>\n\t<\/div>\n\n\n\t\t<div class=\"section-content relative\">\n\t\t\t\n\n<div class=\"row\"  id=\"row-840369045\">\n\n\n\t<div id=\"col-198921976\" class=\"col medium-6 small-12 large-6\"  >\n\t\t\t\t<div class=\"col-inner\"  >\n\t\t\t\n\t\t\t\n\n\t<div class=\"img has-hover x md-x lg-x y md-y lg-y\" id=\"image_1580828356\">\n\t\t\t\t\t\t\t\t<div class=\"img-inner dark\" >\n\t\t\t<img loading=\"lazy\" decoding=\"async\" width=\"1020\" height=\"680\" src=\"https:\/\/wirobotics.eu\/wp-content\/uploads\/2025\/07\/wim-1228.png\" class=\"attachment-large size-large\" alt=\"\" srcset=\"https:\/\/wirobotics.eu\/wp-content\/uploads\/2025\/07\/wim-1228.png 1536w, https:\/\/wirobotics.eu\/wp-content\/uploads\/2025\/07\/wim-1228-300x200.png 300w\" sizes=\"auto, (max-width: 1020px) 100vw, 1020px\" \/>\t\t\t\t\t\t\n\t\t\t\t\t<\/div>\n\t\t\t\t\t\t\t\t\n<style>\n#image_1580828356 {\n  width: 100%;\n}\n<\/style>\n\t<\/div>\n\t\n\n\n\t\t<\/div>\n\t\t\t\t\t<\/div>\n\n\t\n\n\t<div id=\"col-1350490635\" class=\"col medium-6 small-12 large-6\"  >\n\t\t\t\t<div class=\"col-inner\"  >\n\t\t\t\n\t\t\t\n\n<h3>Ergebnisse in Echtzeit mit der WIM-App<\/h3>\n<p>Verwenden Sie die WIRobotics Apple- oder Android-App, um Ihr Gehen zu analysieren.<br>Messen Sie Geschwindigkeit, Gleichgewicht, Stabilit\u00e4t, Kraft und Beweglichkeit. Sie k\u00f6nnen sich die Ergebnisse Ihres Gehtrainings in Echtzeit ansehen und Ihre St\u00e4rken und verbesserungsw\u00fcrdigen Bereiche Ihres derzeitigen Gehverm\u00f6gens erkennen.   <\/p>\n<h3><img loading=\"lazy\" decoding=\"async\" class=\"alignnone size-medium wp-image-595\" src=\"https:\/\/wirobotics.eu\/wp-content\/uploads\/2025\/09\/WIM-app-300x142.png\" alt=\"\" width=\"300\" height=\"142\" srcset=\"https:\/\/wirobotics.eu\/wp-content\/uploads\/2025\/09\/WIM-app-300x142.png 300w, https:\/\/wirobotics.eu\/wp-content\/uploads\/2025\/09\/WIM-app-1024x483.png 1024w, https:\/\/wirobotics.eu\/wp-content\/uploads\/2025\/09\/WIM-app-768x362.png 768w, https:\/\/wirobotics.eu\/wp-content\/uploads\/2025\/09\/WIM-app-1536x725.png 1536w, https:\/\/wirobotics.eu\/wp-content\/uploads\/2025\/09\/WIM-app-2048x966.png 2048w\" sizes=\"auto, (max-width: 300px) 100vw, 300px\" \/><\/h3>\n\n\t\t<\/div>\n\t\t\t\t\t<\/div>\n\n\t\n\n<\/div>\n\n\t\t<\/div>\n\n\t\t\n<style>\n#section_1095806289 {\n  padding-top: 30px;\n  padding-bottom: 30px;\n  background-color: #f3f6f8;\n}\n#section_1095806289 .ux-shape-divider--top svg {\n  height: 150px;\n  --divider-top-width: 100%;\n}\n<\/style>\n\t<\/section>\n\t\n\n\t<section class=\"section\" id=\"section_1138065521\">\n\t\t<div class=\"section-bg fill\" >\n\t\t\t<img loading=\"lazy\" decoding=\"async\" width=\"2560\" height=\"1706\" src=\"https:\/\/wirobotics.eu\/wp-content\/uploads\/2025\/07\/WR_231215_1274_E01.jpg\uc758-\uc0ac\ubcf8-scaled.jpg\" class=\"bg attachment- size-\" alt=\"\" \/>\t\t\t\t\t\t<div class=\"section-bg-overlay absolute fill\"><\/div>\n\t\t\t\n\t<div class=\"is-border\"\n\t\tstyle=\"border-color:rgb(235, 235, 235);border-width:1px 0px 0px 0px;\">\n\t<\/div>\n\n\t\t<\/div>\n\n\t\t\n\n\t\t<div class=\"section-content relative\">\n\t\t\t\n\n<div class=\"row row-large align-middle align-center\"  id=\"row-1175823485\">\n\n\n\t<div id=\"col-315900254\" class=\"col small-12 large-12\"  >\n\t\t\t\t<div class=\"col-inner text-center dark\"  >\n\t\t\t\n\t\t\t\n\n\t<div id=\"text-3948079973\" class=\"text\">\n\t\t\n\n<h2>H\u00e4ufig gestellte Fragen<\/h2>\n<ul>\n<li><strong>Was ist der Unterschied zwischen dem Assistenz- und dem Trainingsmodus?<\/strong><br>  Assist hilft Ihnen, mit weniger Anstrengung zu gehen. Das Training baut mit leichtem Widerstand Muskeln auf. <\/li>\n<li><strong>Kann ich es selbst anlegen oder benutzen?<\/strong><br>  Ja, WIM ist f\u00fcr die unabh\u00e4ngige Nutzung konzipiert. Sie brauchen keine Hilfe. <\/li>\n<li><strong>Passt WIM zu allen K\u00f6rpertypen?<\/strong><br>  WIM ist verstellbar und f\u00fcr verschiedene K\u00f6rpergr\u00f6\u00dfen, Formen und Gr\u00f6\u00dfen geeignet. Die Riemen k\u00f6nnen an Ihren K\u00f6rper angepasst werden. <\/li>\n<li><strong>Kann ich WIM im Freien verwenden?<\/strong><br>  Auf jeden Fall. WIM ist IP54-zertifiziert, d.h. es ist spritzwasser- und staubgesch\u00fctzt. Sie k\u00f6nnen damit im Regen spazieren gehen.  <\/li>\n<li><strong>Wie lange h\u00e4lt der Akku?<\/strong><br>  Bis zu 4 Stunden aktive Unterst\u00fctzung bei regelm\u00e4\u00dfiger Nutzung. Das Aufladen erfolgt schnell \u00fcber USB-C, und Sie k\u00f6nnen die Batterien unterwegs austauschen. <\/li>\n<\/ul>\n\t\t\n<style>\n#text-3948079973 {\n  text-align: left;\n}\n<\/style>\n\t<\/div>\n\t\n\n\t\t<\/div>\n\t\t\t\t\t<\/div>\n\n\t\n\n<\/div>\n\n\t\t<\/div>\n\n\t\t\n<style>\n#section_1138065521 {\n  padding-top: 59px;\n  padding-bottom: 59px;\n  min-height: 300px;\n  background-color: rgb(171, 171, 171);\n}\n#section_1138065521 .section-bg-overlay {\n  background-color: rgba(0, 0, 0, 0.64);\n}\n<\/style>\n\t<\/section>\n\t\n\n  <div class=\"banner has-hover\" id=\"banner-853438511\">\n          <div class=\"banner-inner fill\">\n        <div class=\"banner-bg fill\" >\n            <img loading=\"lazy\" decoding=\"async\" width=\"2248\" height=\"1512\" src=\"https:\/\/wirobotics.eu\/wp-content\/uploads\/2025\/07\/wim-banner.jpeg\" class=\"bg attachment-original size-original\" alt=\"\" \/>                                    \n                    <\/div>\n\t\t\n        <div class=\"banner-layers container\">\n            <div class=\"fill banner-link\"><\/div>            \n\n   <div id=\"text-box-1193607689\" class=\"text-box banner-layer x50 md-x50 lg-x50 y50 md-y50 lg-y50 res-text\">\n                                <div class=\"text-box-content text dark\">\n              \n              <div class=\"text-inner text-center\">\n                  \n\n\n              <\/div>\n           <\/div>\n                            \n<style>\n#text-box-1193607689 {\n  width: 60%;\n}\n#text-box-1193607689 .text-box-content {\n  font-size: 100%;\n}\n@media (min-width:550px) {\n  #text-box-1193607689 {\n    width: 60%;\n  }\n}\n<\/style>\n    <\/div>\n \n\n        <\/div>\n      <\/div>\n\n              <div class=\"height-fix is-invisible\"><img loading=\"lazy\" decoding=\"async\" width=\"2248\" height=\"1512\" src=\"https:\/\/wirobotics.eu\/wp-content\/uploads\/2025\/07\/wim-banner.jpeg\" class=\"attachment-original size-original\" alt=\"\" srcset=\"https:\/\/wirobotics.eu\/wp-content\/uploads\/2025\/07\/wim-banner.jpeg 2248w, https:\/\/wirobotics.eu\/wp-content\/uploads\/2025\/07\/wim-banner-300x202.jpeg 300w, https:\/\/wirobotics.eu\/wp-content\/uploads\/2025\/07\/wim-banner-1024x689.jpeg 1024w, https:\/\/wirobotics.eu\/wp-content\/uploads\/2025\/07\/wim-banner-768x517.jpeg 768w, https:\/\/wirobotics.eu\/wp-content\/uploads\/2025\/07\/wim-banner-1536x1033.jpeg 1536w, https:\/\/wirobotics.eu\/wp-content\/uploads\/2025\/07\/wim-banner-2048x1377.jpeg 2048w\" sizes=\"auto, (max-width: 2248px) 100vw, 2248px\" \/><\/div>\n            \n<style>\n#banner-853438511 .banner-bg img {\n  object-position: 37% 31%;\n}\n<\/style>\n  <\/div>\n\n\n\n","protected":false},"excerpt":{"rendered":"","protected":false},"author":1,"featured_media":0,"parent":0,"menu_order":0,"comment_status":"closed","ping_status":"closed","template":"page-blank.php","meta":{"footnotes":""},"class_list":["post-749","page","type-page","status-publish","hentry"],"_links":{"self":[{"href":"https:\/\/wirobotics.eu\/de\/wp-json\/wp\/v2\/pages\/749","targetHints":{"allow":["GET"]}}],"collection":[{"href":"https:\/\/wirobotics.eu\/de\/wp-json\/wp\/v2\/pages"}],"about":[{"href":"https:\/\/wirobotics.eu\/de\/wp-json\/wp\/v2\/types\/page"}],"author":[{"embeddable":true,"href":"https:\/\/wirobotics.eu\/de\/wp-json\/wp\/v2\/users\/1"}],"replies":[{"embeddable":true,"href":"https:\/\/wirobotics.eu\/de\/wp-json\/wp\/v2\/comments?post=749"}],"version-history":[{"count":1,"href":"https:\/\/wirobotics.eu\/de\/wp-json\/wp\/v2\/pages\/749\/revisions"}],"predecessor-version":[{"id":750,"href":"https:\/\/wirobotics.eu\/de\/wp-json\/wp\/v2\/pages\/749\/revisions\/750"}],"wp:attachment":[{"href":"https:\/\/wirobotics.eu\/de\/wp-json\/wp\/v2\/media?parent=749"}],"curies":[{"name":"wp","href":"https:\/\/api.w.org\/{rel}","templated":true}]}}