{"id":421,"date":"2025-07-18T08:01:40","date_gmt":"2025-07-18T07:01:40","guid":{"rendered":"https:\/\/wirobotics.eu\/zubehor\/"},"modified":"2025-09-16T12:29:32","modified_gmt":"2025-09-16T11:29:32","slug":"zubehor","status":"publish","type":"page","link":"https:\/\/wirobotics.eu\/de\/zubehor\/","title":{"rendered":"Zubeh\u00f6r"},"content":{"rendered":"\n\n  <div class=\"banner has-hover\" id=\"banner-1556056003\">\n          <div class=\"banner-inner fill\">\n        <div class=\"banner-bg fill\" >\n            <img loading=\"lazy\" decoding=\"async\" width=\"2560\" height=\"1707\" src=\"https:\/\/wirobotics.eu\/wp-content\/uploads\/2025\/07\/WR_240102O_0036_E01.jpg\uc758-\uc0ac\ubcf8-scaled.jpg\" class=\"bg attachment-original size-original\" alt=\"\" \/>                                    \n                    <\/div>\n\t\t\n        <div class=\"banner-layers container\">\n            <div class=\"fill banner-link\"><\/div>            \n\n   <div id=\"text-box-1744893782\" class=\"text-box banner-layer x50 md-x50 lg-x50 y50 md-y50 lg-y50 res-text\">\n                                <div class=\"text-box-content text dark\">\n              \n              <div class=\"text-inner text-center\">\n                  \n\n\n              <\/div>\n           <\/div>\n                            \n<style>\n#text-box-1744893782 {\n  width: 60%;\n}\n#text-box-1744893782 .text-box-content {\n  font-size: 100%;\n}\n@media (min-width:550px) {\n  #text-box-1744893782 {\n    width: 60%;\n  }\n}\n<\/style>\n    <\/div>\n \n\n        <\/div>\n      <\/div>\n\n            \n<style>\n#banner-1556056003 {\n  padding-top: 236px;\n}\n#banner-1556056003 .banner-bg img {\n  object-position: 52% 46%;\n}\n<\/style>\n  <\/div>\n\n\n<div class=\"container section-title-container\" ><h2 class=\"section-title section-title-center\"><b><\/b><span class=\"section-title-main\" >Zubeh\u00f6r<\/span><b><\/b><\/h2><\/div>\n\n<div class=\"row\"  id=\"row-45664821\">\n\n\n\t<div id=\"col-1801992833\" class=\"col medium-6 small-12 large-6\"  >\n\t\t\t\t<div class=\"col-inner\"  >\n\t\t\t\n\t\t\t\n\n\t<div class=\"img has-hover x md-x lg-x y md-y lg-y\" id=\"image_1731150490\">\n\t\t\t\t\t\t\t\t<div class=\"img-inner dark\" >\n\t\t\t<img loading=\"lazy\" decoding=\"async\" width=\"300\" height=\"182\" src=\"https:\/\/wirobotics.eu\/wp-content\/uploads\/2025\/07\/b0d68613-0aca-4e4e-ba0f-69f99c15c8ae20240711-1-300x182.jpg\" class=\"attachment-medium size-medium\" alt=\"\" srcset=\"https:\/\/wirobotics.eu\/wp-content\/uploads\/2025\/07\/b0d68613-0aca-4e4e-ba0f-69f99c15c8ae20240711-1-300x182.jpg 300w, https:\/\/wirobotics.eu\/wp-content\/uploads\/2025\/07\/b0d68613-0aca-4e4e-ba0f-69f99c15c8ae20240711-1-1024x621.jpg 1024w, https:\/\/wirobotics.eu\/wp-content\/uploads\/2025\/07\/b0d68613-0aca-4e4e-ba0f-69f99c15c8ae20240711-1-768x466.jpg 768w, https:\/\/wirobotics.eu\/wp-content\/uploads\/2025\/07\/b0d68613-0aca-4e4e-ba0f-69f99c15c8ae20240711-1-1536x932.jpg 1536w, https:\/\/wirobotics.eu\/wp-content\/uploads\/2025\/07\/b0d68613-0aca-4e4e-ba0f-69f99c15c8ae20240711-1.jpg 1546w\" sizes=\"auto, (max-width: 300px) 100vw, 300px\" \/>\t\t\t\t\t\t\n\t\t\t\t\t<\/div>\n\t\t\t\t\t\t\t\t\n<style>\n#image_1731150490 {\n  width: 100%;\n}\n<\/style>\n\t<\/div>\n\t\n\n\n\t\t<\/div>\n\t\t\t\t\t<\/div>\n\n\t\n\n\t<div id=\"col-1695271726\" class=\"col medium-6 small-12 large-6\"  >\n\t\t\t\t<div class=\"col-inner\"  >\n\t\t\t\n\t\t\t\n\n<h3>WIM Taillenband<\/h3>\n<p>Der Lendeng\u00fcrtel bildet die Grundlage des WIM und sorgt f\u00fcr einen stabilen und dennoch bequemen Sitz um Ihre Taille. Der G\u00fcrtel ist aus weichem, atmungsaktivem Material gefertigt und bleibt auch bei l\u00e4ngerem Gebrauch angenehm zu tragen. Dank seines intelligenten Designs l\u00e4sst er sich leicht anlegen und in Sekundenschnelle einstellen, so dass er sich perfekt an Ihren K\u00f6rper anpasst. Auf diese Weise bewegt er sich sanft mit Ihnen mit und bietet maximalen Halt, ohne den Komfort zu beeintr\u00e4chtigen.   <\/p>\n\n\t\t<\/div>\n\t\t\t\t\t<\/div>\n\n\t\n\n<\/div>\n<div class=\"row\"  id=\"row-1580560890\">\n\n\n\t<div id=\"col-1731008620\" class=\"col medium-6 small-12 large-6\"  >\n\t\t\t\t<div class=\"col-inner\"  >\n\t\t\t\n\t\t\t\n\n<h3>Batterie<\/h3>\n<p>Die kompakte Batterie versorgt den WIM mit Strom und bietet bis zu 4 Stunden Unterst\u00fctzung beim Gehen. Dank seines geringen Gewichts werden Sie kaum bemerken, dass Sie ihn tragen, und dennoch von der lang anhaltenden Unterst\u00fctzung profitieren. Au\u00dferdem l\u00e4sst sich der Akku leicht austauschen, so dass Sie ohne Unterbrechung weitergehen k\u00f6nnen.  <\/p>\n\n\t\t<\/div>\n\t\t\t\t\t<\/div>\n\n\t\n\n\t<div id=\"col-1654057457\" class=\"col medium-6 small-12 large-6\"  >\n\t\t\t\t<div class=\"col-inner\"  >\n\t\t\t\n\t\t\t\n\n\t<div class=\"img has-hover x md-x lg-x y md-y lg-y\" id=\"image_1547851521\">\n\t\t\t\t\t\t\t\t<div class=\"img-inner dark\" >\n\t\t\t<img loading=\"lazy\" decoding=\"async\" width=\"300\" height=\"182\" src=\"https:\/\/wirobotics.eu\/wp-content\/uploads\/2025\/07\/560f37eb-d4f9-431c-9903-7a2747e7452220240409-300x182.jpg\" class=\"attachment-medium size-medium\" alt=\"\" srcset=\"https:\/\/wirobotics.eu\/wp-content\/uploads\/2025\/07\/560f37eb-d4f9-431c-9903-7a2747e7452220240409-300x182.jpg 300w, https:\/\/wirobotics.eu\/wp-content\/uploads\/2025\/07\/560f37eb-d4f9-431c-9903-7a2747e7452220240409-1024x621.jpg 1024w, https:\/\/wirobotics.eu\/wp-content\/uploads\/2025\/07\/560f37eb-d4f9-431c-9903-7a2747e7452220240409-768x466.jpg 768w, https:\/\/wirobotics.eu\/wp-content\/uploads\/2025\/07\/560f37eb-d4f9-431c-9903-7a2747e7452220240409-1536x932.jpg 1536w, https:\/\/wirobotics.eu\/wp-content\/uploads\/2025\/07\/560f37eb-d4f9-431c-9903-7a2747e7452220240409-2048x1242.jpg 2048w\" sizes=\"auto, (max-width: 300px) 100vw, 300px\" \/>\t\t\t\t\t\t\n\t\t\t\t\t<\/div>\n\t\t\t\t\t\t\t\t\n<style>\n#image_1547851521 {\n  width: 100%;\n}\n<\/style>\n\t<\/div>\n\t\n\n\n\t\t<\/div>\n\t\t\t\t\t<\/div>\n\n\t\n\n<\/div>\n<div class=\"row\"  id=\"row-2027242282\">\n\n\n\t<div id=\"col-93535055\" class=\"col medium-6 small-12 large-6\"  >\n\t\t\t\t<div class=\"col-inner\"  >\n\t\t\t\n\t\t\t\n\n\t<div class=\"img has-hover x md-x lg-x y md-y lg-y\" id=\"image_1002416943\">\n\t\t\t\t\t\t\t\t<div class=\"img-inner dark\" >\n\t\t\t<img loading=\"lazy\" decoding=\"async\" width=\"300\" height=\"300\" src=\"https:\/\/wirobotics.eu\/wp-content\/uploads\/2025\/07\/FS24262_4-300x300.jpg\" class=\"attachment-medium size-medium\" alt=\"\" srcset=\"https:\/\/wirobotics.eu\/wp-content\/uploads\/2025\/07\/FS24262_4-300x300.jpg 300w, https:\/\/wirobotics.eu\/wp-content\/uploads\/2025\/07\/FS24262_4-1024x1024.jpg 1024w, https:\/\/wirobotics.eu\/wp-content\/uploads\/2025\/07\/FS24262_4-150x150.jpg 150w, https:\/\/wirobotics.eu\/wp-content\/uploads\/2025\/07\/FS24262_4-768x768.jpg 768w, https:\/\/wirobotics.eu\/wp-content\/uploads\/2025\/07\/FS24262_4-1536x1536.jpg 1536w, https:\/\/wirobotics.eu\/wp-content\/uploads\/2025\/07\/FS24262_4-2048x2048.jpg 2048w\" sizes=\"auto, (max-width: 300px) 100vw, 300px\" \/>\t\t\t\t\t\t\n\t\t\t\t\t<\/div>\n\t\t\t\t\t\t\t\t\n<style>\n#image_1002416943 {\n  width: 75%;\n}\n<\/style>\n\t<\/div>\n\t\n\n\n\t\t<\/div>\n\t\t\t\t\t<\/div>\n\n\t\n\n\t<div id=\"col-1240396409\" class=\"col medium-6 small-12 large-6\"  >\n\t\t\t\t<div class=\"col-inner\"  >\n\t\t\t\n\t\t\t\n\n<h3>Fall<\/h3>\n<p>Die Tasche ist so konzipiert, dass Sie den WIM sicher und m\u00fchelos transportieren k\u00f6nnen. Dank ihrer kompakten Gr\u00f6\u00dfe k\u00f6nnen Sie sie \u00fcberallhin mitnehmen. Mit ihrem modernen, stilvollen Design ist die Tasche nicht nur funktionell, sondern auch ein elegantes Accessoire. Leicht, bequem und praktisch &#8211; perfekt f\u00fcr den Einsatz zu Hause, unterwegs oder im beruflichen Umfeld.   <\/p>\n\n\t\t<\/div>\n\t\t\t\t\t<\/div>\n\n\t\n\n<\/div>\n<div class=\"row\"  id=\"row-1554945945\">\n\n\n\t<div id=\"col-225620252\" class=\"col medium-6 small-12 large-6\"  >\n\t\t\t\t<div class=\"col-inner\"  >\n\t\t\t\n\t\t\t\n\n<h3>Beinschlaufen<\/h3>\n<p>Die Beingurte sorgen f\u00fcr eine sichere Befestigung der WIM um Ihre Beine, ohne die Benutzerfreundlichkeit zu beeintr\u00e4chtigen. Sie sind einfach anzulegen und lassen sich in Sekundenschnelle auf die perfekte Passform einstellen. Die Riemen sind aus robusten und langlebigen Materialien gefertigt und bieten eine lange Lebensdauer, so dass Sie jederzeit einen bequemen und sicheren Sitz haben.  <\/p>\n\n\t\t<\/div>\n\t\t\t\t\t<\/div>\n\n\t\n\n\t<div id=\"col-1949176327\" class=\"col medium-6 small-12 large-6\"  >\n\t\t\t\t<div class=\"col-inner\"  >\n\t\t\t\n\t\t\t\n\n\t<div class=\"img has-hover x md-x lg-x y md-y lg-y\" id=\"image_1202436056\">\n\t\t\t\t\t\t\t\t<div class=\"img-inner dark\" >\n\t\t\t<img loading=\"lazy\" decoding=\"async\" width=\"300\" height=\"182\" src=\"https:\/\/wirobotics.eu\/wp-content\/uploads\/2025\/07\/0cfa3f9d-af24-4c16-9f1e-85b376d3737a20240711-300x182.jpg\" class=\"attachment-medium size-medium\" alt=\"\" srcset=\"https:\/\/wirobotics.eu\/wp-content\/uploads\/2025\/07\/0cfa3f9d-af24-4c16-9f1e-85b376d3737a20240711-300x182.jpg 300w, https:\/\/wirobotics.eu\/wp-content\/uploads\/2025\/07\/0cfa3f9d-af24-4c16-9f1e-85b376d3737a20240711-1024x621.jpg 1024w, https:\/\/wirobotics.eu\/wp-content\/uploads\/2025\/07\/0cfa3f9d-af24-4c16-9f1e-85b376d3737a20240711-768x466.jpg 768w, https:\/\/wirobotics.eu\/wp-content\/uploads\/2025\/07\/0cfa3f9d-af24-4c16-9f1e-85b376d3737a20240711-1536x932.jpg 1536w, https:\/\/wirobotics.eu\/wp-content\/uploads\/2025\/07\/0cfa3f9d-af24-4c16-9f1e-85b376d3737a20240711-2048x1242.jpg 2048w\" sizes=\"auto, (max-width: 300px) 100vw, 300px\" \/>\t\t\t\t\t\t\n\t\t\t\t\t<\/div>\n\t\t\t\t\t\t\t\t\n<style>\n#image_1202436056 {\n  width: 100%;\n}\n<\/style>\n\t<\/div>\n\t\n\n\n\t\t<\/div>\n\t\t\t\t\t<\/div>\n\n\t\n\n<\/div>\n\n","protected":false},"excerpt":{"rendered":"","protected":false},"author":1,"featured_media":0,"parent":0,"menu_order":0,"comment_status":"closed","ping_status":"closed","template":"page-blank.php","meta":{"footnotes":""},"class_list":["post-421","page","type-page","status-publish","hentry"],"_links":{"self":[{"href":"https:\/\/wirobotics.eu\/de\/wp-json\/wp\/v2\/pages\/421","targetHints":{"allow":["GET"]}}],"collection":[{"href":"https:\/\/wirobotics.eu\/de\/wp-json\/wp\/v2\/pages"}],"about":[{"href":"https:\/\/wirobotics.eu\/de\/wp-json\/wp\/v2\/types\/page"}],"author":[{"embeddable":true,"href":"https:\/\/wirobotics.eu\/de\/wp-json\/wp\/v2\/users\/1"}],"replies":[{"embeddable":true,"href":"https:\/\/wirobotics.eu\/de\/wp-json\/wp\/v2\/comments?post=421"}],"version-history":[{"count":7,"href":"https:\/\/wirobotics.eu\/de\/wp-json\/wp\/v2\/pages\/421\/revisions"}],"predecessor-version":[{"id":858,"href":"https:\/\/wirobotics.eu\/de\/wp-json\/wp\/v2\/pages\/421\/revisions\/858"}],"wp:attachment":[{"href":"https:\/\/wirobotics.eu\/de\/wp-json\/wp\/v2\/media?parent=421"}],"curies":[{"name":"wp","href":"https:\/\/api.w.org\/{rel}","templated":true}]}}