{"id":417,"date":"2025-07-17T10:56:10","date_gmt":"2025-07-17T09:56:10","guid":{"rendered":"https:\/\/wirobotics.eu\/uber\/"},"modified":"2025-09-16T12:47:59","modified_gmt":"2025-09-16T11:47:59","slug":"uber","status":"publish","type":"page","link":"https:\/\/wirobotics.eu\/de\/uber\/","title":{"rendered":"\u00dcber"},"content":{"rendered":"\n\n\t<section class=\"section\" id=\"section_1073629497\">\n\t\t<div class=\"section-bg fill\" >\n\t\t\t\t\t\t\t\t\t\n\t\t\t\n\t<div class=\"is-border\"\n\t\tstyle=\"border-color:rgb(235, 235, 235);border-width:1px 0px 0px 0px;\">\n\t<\/div>\n\n\t\t<\/div>\n\n\t\t\n\n\t\t<div class=\"section-content relative\">\n\t\t\t\n\n<div class=\"row row-large align-middle align-center\"  id=\"row-1366894379\">\n\n\n\t<div id=\"col-655950685\" class=\"col medium-6 small-12 large-6\"  >\n\t\t\t\t<div class=\"col-inner text-center\"  >\n\t\t\t\n\t\t\t\n\n\t<div id=\"text-369311289\" class=\"text\">\n\t\t\n\n<h2 data-start=\"151\" data-end=\"186\">WIRobotics Europ\u00e4ischer Vertriebspartner<\/h2>\n<p data-start=\"187\" data-end=\"254\"><strong data-start=\"187\" data-end=\"254\">PhyioSupplies &#8211; Offizieller europ\u00e4ischer Vertriebspartner von WIRobotics<\/strong><\/p>\n<p data-start=\"256\" data-end=\"491\">PhysioSupplies ist stolz darauf, der offizielle europ\u00e4ische Vertriebspartner von <strong data-start=\"322\" data-end=\"341\"><a href=\"https:\/\/wirobotics.com\/\" target=\"_blank\" rel=\"noopener\">WIRobotics Inc<\/a>.<\/strong> zu sein, einem f\u00fchrenden Innovator f\u00fcr intelligente robotische Mobilit\u00e4tsl\u00f6sungen. Gemeinsam bringen wir das leichtgewichtige <strong data-start=\"442\" data-end=\"461\">WIM-Exoskelett<\/strong> auf die wichtigsten M\u00e4rkte in Europa. <\/p>\n\n\t\t\n<style>\n#text-369311289 {\n  text-align: left;\n}\n<\/style>\n\t<\/div>\n\t\n\n\t\t<\/div>\n\t\t\t\t\t<\/div>\n\n\t\n\n\t<div id=\"col-651637482\" class=\"col medium-6 small-12 large-6\"  >\n\t\t\t\t<div class=\"col-inner box-shadow-1\"  >\n\t\t\t\n\t\t\t\n\n\t<div class=\"img has-hover x md-x lg-x y md-y lg-y\" id=\"image_1475224257\">\n\t\t\t\t\t\t\t\t<div class=\"img-inner image-cover dark\" style=\"padding-top:175px;\">\n\t\t\t<img loading=\"lazy\" decoding=\"async\" width=\"2048\" height=\"1362\" src=\"https:\/\/wirobotics.eu\/wp-content\/uploads\/2025\/07\/1752149871339.jpg\" class=\"attachment-original size-original\" alt=\"\" srcset=\"https:\/\/wirobotics.eu\/wp-content\/uploads\/2025\/07\/1752149871339.jpg 2048w, https:\/\/wirobotics.eu\/wp-content\/uploads\/2025\/07\/1752149871339-300x200.jpg 300w, https:\/\/wirobotics.eu\/wp-content\/uploads\/2025\/07\/1752149871339-1024x681.jpg 1024w, https:\/\/wirobotics.eu\/wp-content\/uploads\/2025\/07\/1752149871339-768x511.jpg 768w, https:\/\/wirobotics.eu\/wp-content\/uploads\/2025\/07\/1752149871339-1536x1022.jpg 1536w\" sizes=\"auto, (max-width: 2048px) 100vw, 2048px\" \/>\t\t\t\t\t\t\n\t\t\t\t\t<\/div>\n\t\t\t\t\t\t\t\t\n<style>\n#image_1475224257 {\n  width: 100%;\n}\n<\/style>\n\t<\/div>\n\t\n\n\n\t\t<\/div>\n\t\t\t\t\n<style>\n#col-651637482 > .col-inner {\n  padding: 15px 15px 15px 15px;\n}\n<\/style>\n\t<\/div>\n\n\t\n\n<\/div>\n\n\t\t<\/div>\n\n\t\t\n<style>\n#section_1073629497 {\n  padding-top: 10px;\n  padding-bottom: 10px;\n  min-height: 300px;\n}\n<\/style>\n\t<\/section>\n\t\n<h3 data-start=\"35\" data-end=\"416\">WIRobotics<\/h3>\n<p data-start=\"35\" data-end=\"416\">WIRobotics ist ein innovatives Technologieunternehmen, das sich der Entwicklung von tragbaren Robotern widmet, die die Freiheit und Unabh\u00e4ngigkeit im t\u00e4glichen Leben verbessern. Mit einem starken Fokus auf Gesundheit, Mobilit\u00e4t und Lebensqualit\u00e4t kombiniert WIRobotics fortschrittliche Sensortechnologie, k\u00fcnstliche Intelligenz und ergonomisches Design, um L\u00f6sungen zu entwickeln, die Menschen in ihrer Bewegung unterst\u00fctzen. <\/p>\n<p data-start=\"418\" data-end=\"562\" data-is-last-node=\"\" data-is-only-node=\"\">Die Mission von WIRobotics ist klar: jedem die M\u00f6glichkeit zu geben, aktiv und unabh\u00e4ngig zu bleiben, unabh\u00e4ngig von Alter oder k\u00f6rperlichen Einschr\u00e4nkungen.<\/p>\n<h3 data-start=\"493\" data-end=\"522\">Eine strategische Partnerschaft<\/h3>\n<p data-start=\"523\" data-end=\"773\">WIRobotics und PhysioSupplies haben ein exklusives Vertriebsabkommen geschlossen, um fortschrittliche tragbare Mobilit\u00e4tstechnologie in den Bereichen Rehabilitation und Gesundheitspflege besser zug\u00e4nglich zu machen. Diese Zusammenarbeit erstreckt sich auf die folgenden europ\u00e4ischen Regionen: <\/p>\n<ul>\n<li data-start=\"777\" data-end=\"786\">Deutschland<\/li>\n<li data-start=\"789\" data-end=\"798\">\u00d6sterreich<\/li>\n<li data-start=\"801\" data-end=\"817\">Vereinigtes K\u00f6nigreich<\/li>\n<li data-start=\"820\" data-end=\"866\">Die Benelux-Staaten (Belgien, Niederlande, Luxemburg)<\/li>\n<\/ul>\n<h3 data-start=\"868\" data-end=\"899\">\u00dcber das WIM Exoskelett<\/h3>\n<p data-start=\"900\" data-end=\"1142\">Das WIM Exoskelett wiegt nur <strong data-start=\"932\" data-end=\"942\">1,6 kg<\/strong> und wurde entwickelt, um Menschen mit eingeschr\u00e4nkter Mobilit\u00e4t zu helfen, indem es nat\u00fcrliche Bewegungsmuster unterst\u00fctzt und die Gehleistung verbessert. Es verbessert die Mobilit\u00e4t, die Sicherheit und die Unabh\u00e4ngigkeit im t\u00e4glichen Leben.<\/p>\n<p data-start=\"1144\" data-end=\"1319\">Die zugeh\u00f6rige <strong data-start=\"1161\" data-end=\"1172\">WIM-App<\/strong> bietet eine detaillierte Ganganalyse und strukturierte, auf den einzelnen Benutzer zugeschnittene Trainingsprogramme mit intuitiver Bedienung und personalisiertem Feedback.<\/p>\n<h3 data-start=\"1321\" data-end=\"1367\">Ausweitung des Zugangs zu intelligenter Rehabilitation<\/h3>\n<p data-start=\"1368\" data-end=\"1567\">Durch diese Partnerschaft wollen WIRobotics und PhysioSupplies den Zugang zu innovativer, tragbarer Mobilit\u00e4tstechnologie in Europa neu definieren &#8211; damit sich die Menschen mit mehr Selbstvertrauen und Unabh\u00e4ngigkeit bewegen k\u00f6nnen.<\/p>\n<h3 data-start=\"493\" data-end=\"522\"> <\/h3>\n\n<div class=\"row\"  id=\"row-1468455230\">\n\n\n\t<div id=\"col-781256792\" class=\"col medium-6 small-12 large-6\"  >\n\t\t\t\t<div class=\"col-inner\"  >\n\t\t\t\n\t\t\t\n\n\t<div class=\"img has-hover x md-x lg-x y md-y lg-y\" id=\"image_119790023\">\n\t\t\t\t\t\t\t\t<div class=\"img-inner dark\" >\n\t\t\t<img loading=\"lazy\" decoding=\"async\" width=\"1020\" height=\"1020\" src=\"https:\/\/wirobotics.eu\/wp-content\/uploads\/2025\/09\/FSDE-logo-1200x1200-1-1024x1024.png\" class=\"attachment-large size-large\" alt=\"\" srcset=\"https:\/\/wirobotics.eu\/wp-content\/uploads\/2025\/09\/FSDE-logo-1200x1200-1-1024x1024.png 1024w, https:\/\/wirobotics.eu\/wp-content\/uploads\/2025\/09\/FSDE-logo-1200x1200-1-300x300.png 300w, https:\/\/wirobotics.eu\/wp-content\/uploads\/2025\/09\/FSDE-logo-1200x1200-1-150x150.png 150w, https:\/\/wirobotics.eu\/wp-content\/uploads\/2025\/09\/FSDE-logo-1200x1200-1-768x768.png 768w, https:\/\/wirobotics.eu\/wp-content\/uploads\/2025\/09\/FSDE-logo-1200x1200-1.png 1200w\" sizes=\"auto, (max-width: 1020px) 100vw, 1020px\" \/>\t\t\t\t\t\t\n\t\t\t\t\t<\/div>\n\t\t\t\t\t\t\t\t\n<style>\n#image_119790023 {\n  width: 100%;\n}\n<\/style>\n\t<\/div>\n\t\n\n\n\t\t<\/div>\n\t\t\t\t\t<\/div>\n\n\t\n\n\t<div id=\"col-469743157\" class=\"col medium-6 small-12 large-6\"  >\n\t\t\t\t<div class=\"col-inner\"  >\n\t\t\t\n\t\t\t\n\n\t<div class=\"img has-hover x md-x lg-x y md-y lg-y\" id=\"image_62075606\">\n\t\t\t\t\t\t\t\t<div class=\"img-inner dark\" >\n\t\t\t<img loading=\"lazy\" decoding=\"async\" width=\"1200\" height=\"1200\" src=\"https:\/\/wirobotics.eu\/wp-content\/uploads\/2025\/08\/WIRobotics-vierkant-fysiosupplies.jpg\" class=\"attachment-original size-original\" alt=\"\" srcset=\"https:\/\/wirobotics.eu\/wp-content\/uploads\/2025\/08\/WIRobotics-vierkant-fysiosupplies.jpg 1200w, https:\/\/wirobotics.eu\/wp-content\/uploads\/2025\/08\/WIRobotics-vierkant-fysiosupplies-300x300.jpg 300w, https:\/\/wirobotics.eu\/wp-content\/uploads\/2025\/08\/WIRobotics-vierkant-fysiosupplies-1024x1024.jpg 1024w, https:\/\/wirobotics.eu\/wp-content\/uploads\/2025\/08\/WIRobotics-vierkant-fysiosupplies-150x150.jpg 150w, https:\/\/wirobotics.eu\/wp-content\/uploads\/2025\/08\/WIRobotics-vierkant-fysiosupplies-768x768.jpg 768w\" sizes=\"auto, (max-width: 1200px) 100vw, 1200px\" \/>\t\t\t\t\t\t\n\t\t\t\t\t<\/div>\n\t\t\t\t\t\t\t\t\n<style>\n#image_62075606 {\n  width: 100%;\n}\n<\/style>\n\t<\/div>\n\t\n\n\n\t\t<\/div>\n\t\t\t\t\t<\/div>\n\n\t\n\n<\/div>\n\n","protected":false},"excerpt":{"rendered":"","protected":false},"author":1,"featured_media":0,"parent":0,"menu_order":0,"comment_status":"closed","ping_status":"closed","template":"","meta":{"footnotes":""},"class_list":["post-417","page","type-page","status-publish","hentry"],"_links":{"self":[{"href":"https:\/\/wirobotics.eu\/de\/wp-json\/wp\/v2\/pages\/417","targetHints":{"allow":["GET"]}}],"collection":[{"href":"https:\/\/wirobotics.eu\/de\/wp-json\/wp\/v2\/pages"}],"about":[{"href":"https:\/\/wirobotics.eu\/de\/wp-json\/wp\/v2\/types\/page"}],"author":[{"embeddable":true,"href":"https:\/\/wirobotics.eu\/de\/wp-json\/wp\/v2\/users\/1"}],"replies":[{"embeddable":true,"href":"https:\/\/wirobotics.eu\/de\/wp-json\/wp\/v2\/comments?post=417"}],"version-history":[{"count":4,"href":"https:\/\/wirobotics.eu\/de\/wp-json\/wp\/v2\/pages\/417\/revisions"}],"predecessor-version":[{"id":865,"href":"https:\/\/wirobotics.eu\/de\/wp-json\/wp\/v2\/pages\/417\/revisions\/865"}],"wp:attachment":[{"href":"https:\/\/wirobotics.eu\/de\/wp-json\/wp\/v2\/media?parent=417"}],"curies":[{"name":"wp","href":"https:\/\/api.w.org\/{rel}","templated":true}]}}